{"id":10,"date":"2013-05-10T19:58:38","date_gmt":"2013-05-10T19:58:38","guid":{"rendered":"http:\/\/grotzeck.com\/?page_id=10"},"modified":"2018-05-24T06:51:04","modified_gmt":"2018-05-24T06:51:04","slug":"project-2","status":"publish","type":"page","link":"https:\/\/grocon.de\/?page_id=10","title":{"rendered":"Calypso Security Financing"},"content":{"rendered":"<p>T\u00e4tigkeitsort: \u00a0Deutsche Investmentbank<\/p>\n<p>T\u00e4tigkeitsdauer: \u00a0&gt; 3 Jahre<\/p>\n<p>Position: Senior Business Analyst (Vice President)<\/p>\n<p>T\u00e4tigkeitsfeld:<\/p>\n<ul>\n<li>Weltweite Ersteinf\u00fchrung von Calypso als Back- und Middleoffice-System f\u00fcr Repos, Wertpapierleihen (-darlehen), Buy-Sell-Backs, Schuldscheine<\/li>\n<li>Produktneueinf\u00fchrungen im Rahmen der Systemeinf\u00fchrung (z.B. TriParty Repo, Central Clearing etc)<\/li>\n<li>Einf\u00fchrung eines vollautomatischen Gesch\u00e4ftsbest\u00e4tigungsprozesses f\u00fcr alle Lifecycle Events der Wertpapierverarbeitung<\/li>\n<li>Aufbau einer Logik zur Weiterverarbeitung von Corporate Events (Dividenten, Split, Merger etc) in einem Drittsystem<\/li>\n<li>Definition der Anforderungen, Review der Umsetzungen und Implementierung der Software und Prozesse sowie\u00a0Konfiguration der Software<\/li>\n<li>Schrittweise Herausl\u00f6sung der IT-Infrastruktur aus einer Gro\u00dfrechnerarchitektur<\/li>\n<li>Einf\u00fchrung von kosteneffizienten und schnellen Pr\u00fcf- und Abwicklungsprozessen (full STP)<\/li>\n<li>Anpassung von bestehenden Prozessen auf die neue Infrastrukur unter gleichzeitiger Revision bestehender Prozesse<\/li>\n<\/ul>\n<p><a href=\"http:\/\/grocon.de\/?page_id=270\">Datenschutzhinweis<\/a><\/p>\n","protected":false},"excerpt":{"rendered":"<p>T\u00e4tigkeitsort: \u00a0Deutsche Investmentbank T\u00e4tigkeitsdauer: \u00a0&gt; 3 Jahre Position: Senior Business Analyst (Vice President) T\u00e4tigkeitsfeld: Weltweite Ersteinf\u00fchrung von Calypso als Back- und Middleoffice-System f\u00fcr Repos, Wertpapierleihen (-darlehen), Buy-Sell-Backs, Schuldscheine Produktneueinf\u00fchrungen im Rahmen der Systemeinf\u00fchrung (z.B. TriParty Repo, Central Clearing etc) Einf\u00fchrung &hellip; <a href=\"https:\/\/grocon.de\/?page_id=10\">Weiterlesen <span class=\"meta-nav\">&rarr;<\/span><\/a><\/p>\n","protected":false},"author":1,"featured_media":0,"parent":47,"menu_order":0,"comment_status":"closed","ping_status":"closed","template":"","meta":{"footnotes":""},"_links":{"self":[{"href":"https:\/\/grocon.de\/index.php?rest_route=\/wp\/v2\/pages\/10"}],"collection":[{"href":"https:\/\/grocon.de\/index.php?rest_route=\/wp\/v2\/pages"}],"about":[{"href":"https:\/\/grocon.de\/index.php?rest_route=\/wp\/v2\/types\/page"}],"author":[{"embeddable":true,"href":"https:\/\/grocon.de\/index.php?rest_route=\/wp\/v2\/users\/1"}],"replies":[{"embeddable":true,"href":"https:\/\/grocon.de\/index.php?rest_route=%2Fwp%2Fv2%2Fcomments&post=10"}],"version-history":[{"count":9,"href":"https:\/\/grocon.de\/index.php?rest_route=\/wp\/v2\/pages\/10\/revisions"}],"predecessor-version":[{"id":278,"href":"https:\/\/grocon.de\/index.php?rest_route=\/wp\/v2\/pages\/10\/revisions\/278"}],"up":[{"embeddable":true,"href":"https:\/\/grocon.de\/index.php?rest_route=\/wp\/v2\/pages\/47"}],"wp:attachment":[{"href":"https:\/\/grocon.de\/index.php?rest_route=%2Fwp%2Fv2%2Fmedia&parent=10"}],"curies":[{"name":"wp","href":"https:\/\/api.w.org\/{rel}","templated":true}]}}