{"id":100,"date":"2013-08-25T18:14:57","date_gmt":"2013-08-25T18:14:57","guid":{"rendered":"http:\/\/grocon.de\/?page_id=100"},"modified":"2018-05-24T06:51:43","modified_gmt":"2018-05-24T06:51:43","slug":"calypso-ccp-fuer-zinsderivate","status":"publish","type":"page","link":"https:\/\/grocon.de\/?page_id=100","title":{"rendered":"CCP f\u00fcr Zinsderivate in Calypso (inkl. Client-Clearing)"},"content":{"rendered":"<table>\n<tbody>\n<tr>\n<td width=\"177\">T\u00e4tigkeitsort:<\/td>\n<td width=\"437\">Deutsche Landesbank<\/td>\n<\/tr>\n<tr>\n<td width=\"177\">T\u00e4tigkeitsdauer:<\/td>\n<td width=\"437\">1,5 Jahre<\/td>\n<\/tr>\n<tr>\n<td width=\"177\">Position:<\/td>\n<td width=\"437\">Projektleiter Einf\u00fchrung CCP<\/td>\n<\/tr>\n<tr>\n<td width=\"177\">Kurzbeschreibung:<\/td>\n<td width=\"437\">Anbindung der Bank an einen zentralen Kontrahenten f\u00fcr das House- und Client-Clearing<\/td>\n<\/tr>\n<\/tbody>\n<\/table>\n<p>T\u00e4tigkeitsfelder:<\/p>\n<ul>\n<li>Anbindung von London Clearing House (LCH) f\u00fcr das zentrale Clearing von Zinsderivaten<\/li>\n<li>Entwicklungspartnerschaft mit dem Vendor<\/li>\n<li>Spezifikation der fachlichen und technischen Anforderungen<\/li>\n<li>Paralleler Aufbau einer Eigenl\u00f6sung f\u00fcr das Clearing in Calypsomit dem Fokus auf vollautomatische Verarbeitung<\/li>\n<li>Umsetzung der L\u00f6sung f\u00fcr das Clearing eigener Derivate<\/li>\n<li>Nachfolgende Umsetzung f\u00fcr die Umsetzung von Client Clearing als Dienstleistung<\/li>\n<li>Aufbau einer Reporting-Infrastruktur f\u00fcr den Kunden<\/li>\n<li>Spezifikation der Wertpapierbesicherung (Collateral Upgrade)<\/li>\n<li>Aufbau eines Teams f\u00fcr Produktions- und Kundenbetreuung<\/li>\n<\/ul>\n<p><a href=\"http:\/\/grocon.de\/?page_id=270\">Datenschutzhinweis<\/a><\/p>\n","protected":false},"excerpt":{"rendered":"<p>T\u00e4tigkeitsort: Deutsche Landesbank T\u00e4tigkeitsdauer: 1,5 Jahre Position: Projektleiter Einf\u00fchrung CCP Kurzbeschreibung: Anbindung der Bank an einen zentralen Kontrahenten f\u00fcr das House- und Client-Clearing T\u00e4tigkeitsfelder: Anbindung von London Clearing House (LCH) f\u00fcr das zentrale Clearing von Zinsderivaten Entwicklungspartnerschaft mit dem Vendor &hellip; <a href=\"https:\/\/grocon.de\/?page_id=100\">Weiterlesen <span class=\"meta-nav\">&rarr;<\/span><\/a><\/p>\n","protected":false},"author":1,"featured_media":0,"parent":47,"menu_order":5,"comment_status":"closed","ping_status":"closed","template":"","meta":{"footnotes":""},"_links":{"self":[{"href":"https:\/\/grocon.de\/index.php?rest_route=\/wp\/v2\/pages\/100"}],"collection":[{"href":"https:\/\/grocon.de\/index.php?rest_route=\/wp\/v2\/pages"}],"about":[{"href":"https:\/\/grocon.de\/index.php?rest_route=\/wp\/v2\/types\/page"}],"author":[{"embeddable":true,"href":"https:\/\/grocon.de\/index.php?rest_route=\/wp\/v2\/users\/1"}],"replies":[{"embeddable":true,"href":"https:\/\/grocon.de\/index.php?rest_route=%2Fwp%2Fv2%2Fcomments&post=100"}],"version-history":[{"count":9,"href":"https:\/\/grocon.de\/index.php?rest_route=\/wp\/v2\/pages\/100\/revisions"}],"predecessor-version":[{"id":281,"href":"https:\/\/grocon.de\/index.php?rest_route=\/wp\/v2\/pages\/100\/revisions\/281"}],"up":[{"embeddable":true,"href":"https:\/\/grocon.de\/index.php?rest_route=\/wp\/v2\/pages\/47"}],"wp:attachment":[{"href":"https:\/\/grocon.de\/index.php?rest_route=%2Fwp%2Fv2%2Fmedia&parent=100"}],"curies":[{"name":"wp","href":"https:\/\/api.w.org\/{rel}","templated":true}]}}