{"id":112,"date":"2013-08-25T18:24:48","date_gmt":"2013-08-25T18:24:48","guid":{"rendered":"http:\/\/grocon.de\/?page_id=112"},"modified":"2018-05-24T06:51:54","modified_gmt":"2018-05-24T06:51:54","slug":"dfa-us-transaktionsregistermeldung","status":"publish","type":"page","link":"https:\/\/grocon.de\/?page_id=112","title":{"rendered":"US-Regulatorische Umsetzungen Dodd-Frank"},"content":{"rendered":"<table>\n<tbody>\n<tr>\n<td width=\"177\">T\u00e4tigkeitsort:<\/td>\n<td width=\"437\">\u00a0Bank in Frankfurt<\/td>\n<\/tr>\n<tr>\n<td width=\"177\">T\u00e4tigkeitsdauer:<\/td>\n<td width=\"437\">\u00a01 Jahr<\/td>\n<\/tr>\n<tr>\n<td width=\"177\">Position:<\/td>\n<td width=\"437\">\u00a0Projektleiter<\/td>\n<\/tr>\n<tr>\n<td width=\"177\">Kurzbeschreibung:<\/td>\n<td width=\"437\">Analyse und Umsetzungen zur US-Regulierung Dodd-Frank, insb. permanente \u00dcberwachung sowie Transaktionsregistermeldungen<\/td>\n<\/tr>\n<\/tbody>\n<\/table>\n<p>T\u00e4tigkeitsschwerpunkte:<\/p>\n<ul>\n<li>Einstufung der Produkte, der Bank und Kontrahenten; Auswirkungsanalyse<\/li>\n<li>Aufbau einer Dodd-Frank-\u00dcberwachung (Swapdealer und Major-Swap-Participant-\u00dcberwachung)\n<ul>\n<li>Implementierung der \u00dcberwachung in Handelssystemen<\/li>\n<li>Bestandsupdates der Gesch\u00e4fte in MarkitWire und Handelssystemen<\/li>\n<\/ul>\n<\/li>\n<li>Aufbau der Meldung an das Transaktionsregister f\u00fcr Kunden (DTCC DDR)\n<ul>\n<li>Abbildung der diversen Identifier (USI, UPI, LEI)<\/li>\n<li>Aufbau der DTCC-Schnittstelle<\/li>\n<li>Definition und Implementierung des Meldeprozesses<\/li>\n<li>Analyse und Durchf\u00fchrung der Einmalmeldung von bereits ausgelaufenem Gesch\u00e4ft<\/li>\n<\/ul>\n<\/li>\n<li>EMIR Grobkonzeption und Beginn erster Umsetzungen (Fortf\u00fchrung im Folgeprojekt)<\/li>\n<\/ul>\n<p><a href=\"http:\/\/grocon.de\/?page_id=270\">Datenschutzhinweis<\/a><\/p>\n","protected":false},"excerpt":{"rendered":"<p>T\u00e4tigkeitsort: \u00a0Bank in Frankfurt T\u00e4tigkeitsdauer: \u00a01 Jahr Position: \u00a0Projektleiter Kurzbeschreibung: Analyse und Umsetzungen zur US-Regulierung Dodd-Frank, insb. permanente \u00dcberwachung sowie Transaktionsregistermeldungen T\u00e4tigkeitsschwerpunkte: Einstufung der Produkte, der Bank und Kontrahenten; Auswirkungsanalyse Aufbau einer Dodd-Frank-\u00dcberwachung (Swapdealer und Major-Swap-Participant-\u00dcberwachung) Implementierung der \u00dcberwachung in &hellip; <a href=\"https:\/\/grocon.de\/?page_id=112\">Weiterlesen <span class=\"meta-nav\">&rarr;<\/span><\/a><\/p>\n","protected":false},"author":1,"featured_media":0,"parent":47,"menu_order":7,"comment_status":"closed","ping_status":"closed","template":"","meta":{"footnotes":""},"_links":{"self":[{"href":"https:\/\/grocon.de\/index.php?rest_route=\/wp\/v2\/pages\/112"}],"collection":[{"href":"https:\/\/grocon.de\/index.php?rest_route=\/wp\/v2\/pages"}],"about":[{"href":"https:\/\/grocon.de\/index.php?rest_route=\/wp\/v2\/types\/page"}],"author":[{"embeddable":true,"href":"https:\/\/grocon.de\/index.php?rest_route=\/wp\/v2\/users\/1"}],"replies":[{"embeddable":true,"href":"https:\/\/grocon.de\/index.php?rest_route=%2Fwp%2Fv2%2Fcomments&post=112"}],"version-history":[{"count":4,"href":"https:\/\/grocon.de\/index.php?rest_route=\/wp\/v2\/pages\/112\/revisions"}],"predecessor-version":[{"id":282,"href":"https:\/\/grocon.de\/index.php?rest_route=\/wp\/v2\/pages\/112\/revisions\/282"}],"up":[{"embeddable":true,"href":"https:\/\/grocon.de\/index.php?rest_route=\/wp\/v2\/pages\/47"}],"wp:attachment":[{"href":"https:\/\/grocon.de\/index.php?rest_route=%2Fwp%2Fv2%2Fmedia&parent=112"}],"curies":[{"name":"wp","href":"https:\/\/api.w.org\/{rel}","templated":true}]}}