{"id":137,"date":"2015-01-20T11:11:34","date_gmt":"2015-01-20T11:11:34","guid":{"rendered":"http:\/\/grocon.de\/?page_id=137"},"modified":"2023-12-01T16:36:08","modified_gmt":"2023-12-01T16:36:08","slug":"projekterfahrungen","status":"publish","type":"page","link":"https:\/\/grocon.de\/?page_id=137","title":{"rendered":"Projekterfahrungen"},"content":{"rendered":"<p>Schwerpunkte:<\/p>\n<ul>\n<li>Projektleitung<\/li>\n<li>Vorbereitung und Setup von Projekten (inkl. Stakeholder-Management und Herbeif\u00fchrung von Gremienbeschl\u00fcssen)<\/li>\n<li>Business Analyse \/ Technical Analyst<\/li>\n<li>Allgemeine Beratung im Umfeld Financial Markets (Front-to-Back)<\/li>\n<li>Derivate und Wertpapierprodukte<\/li>\n<li>Prozessanalysen<\/li>\n<li>Schnittstellenanalyse und -design<\/li>\n<li>Begleitung interner und externer Audits<\/li>\n<li>Aufbau von Testkampagnen, Test und Test-Setup<\/li>\n<\/ul>\n<p>Systeme \/Kenntnisse:<\/p>\n<ul>\n<li>F\u00fchrung von Teams unterschiedlicher Gr\u00f6\u00dfe<\/li>\n<li>Handels-, Mittel- und Backoffice-Systeme (<br \/>\n(Auswahl: Calypso, Murex, FrontArena, GlobalOne, GlossHV,)<\/li>\n<li>Design und Weiterentwicklung von Eigenl\u00f6sungen<\/li>\n<li>SQL ,VBA<\/li>\n<li>Betriebssysteme: MacOS, Windows (alle Versionen)<\/li>\n<li>Freie und Microsoft B\u00fcrosoftware (inkl. Visio und Sharepoint) sowie Jira und Co.<\/li>\n<\/ul>\n<p>Zertifizierungen, Weiterbildungen, Seminare:<\/p>\n<ul>\n<li>Prince2 Foundation \/\u00a0Prince2 Practitioner<\/li>\n<li>Project Managment (UK)<\/li>\n<li>Bank- und B\u00f6rsenrecht<\/li>\n<\/ul>\n<p><a href=\"http:\/\/grocon.de\/?page_id=270\">Datenschutzhinweis<\/a><\/p>\n","protected":false},"excerpt":{"rendered":"<p>Schwerpunkte: Projektleitung Vorbereitung und Setup von Projekten (inkl. Stakeholder-Management und Herbeif\u00fchrung von Gremienbeschl\u00fcssen) Business Analyse \/ Technical Analyst Allgemeine Beratung im Umfeld Financial Markets (Front-to-Back) Derivate und Wertpapierprodukte Prozessanalysen Schnittstellenanalyse und -design Begleitung interner und externer Audits Aufbau von Testkampagnen, &hellip; <a href=\"https:\/\/grocon.de\/?page_id=137\">Weiterlesen <span class=\"meta-nav\">&rarr;<\/span><\/a><\/p>\n","protected":false},"author":1,"featured_media":0,"parent":0,"menu_order":0,"comment_status":"closed","ping_status":"closed","template":"","meta":{"footnotes":""},"_links":{"self":[{"href":"https:\/\/grocon.de\/index.php?rest_route=\/wp\/v2\/pages\/137"}],"collection":[{"href":"https:\/\/grocon.de\/index.php?rest_route=\/wp\/v2\/pages"}],"about":[{"href":"https:\/\/grocon.de\/index.php?rest_route=\/wp\/v2\/types\/page"}],"author":[{"embeddable":true,"href":"https:\/\/grocon.de\/index.php?rest_route=\/wp\/v2\/users\/1"}],"replies":[{"embeddable":true,"href":"https:\/\/grocon.de\/index.php?rest_route=%2Fwp%2Fv2%2Fcomments&post=137"}],"version-history":[{"count":4,"href":"https:\/\/grocon.de\/index.php?rest_route=\/wp\/v2\/pages\/137\/revisions"}],"predecessor-version":[{"id":318,"href":"https:\/\/grocon.de\/index.php?rest_route=\/wp\/v2\/pages\/137\/revisions\/318"}],"wp:attachment":[{"href":"https:\/\/grocon.de\/index.php?rest_route=%2Fwp%2Fv2%2Fmedia&parent=137"}],"curies":[{"name":"wp","href":"https:\/\/api.w.org\/{rel}","templated":true}]}}