{"id":153,"date":"2016-07-07T11:24:52","date_gmt":"2016-07-07T11:24:52","guid":{"rendered":"http:\/\/grocon.de\/?page_id=153"},"modified":"2018-05-24T06:52:15","modified_gmt":"2018-05-24T06:52:15","slug":"tech-blog","status":"publish","type":"page","link":"https:\/\/grocon.de\/","title":{"rendered":"Tech Blog"},"content":{"rendered":"<p>Hier finden Sie Beitr\u00e4ge zu technischen Themen:<\/p>\n<p style=\"padding-left: 30px;\"><strong><em><a href=\"http:\/\/grocon.de\/?p=148\">Paperless Office \u2013 Auf dem Weg zum (fast) papierlosen B\u00fcro<\/a>\u00a0<\/em><\/strong><br \/>\n<em>Ein R\u00fcckblick auf einen langen, steinigen und unvollendeten Weg<\/em><\/p>\n<p style=\"padding-left: 30px;\"><strong><em><a href=\"http:\/\/grocon.de\/?p=231\">Sichere Daten\u00a0<\/a><\/em><\/strong><br \/>\n<em>Backup und Verschl\u00fcsselung<\/em><\/p>\n<p style=\"padding-left: 30px;\"><em><strong><a href=\"http:\/\/grocon.de\/?p=198\">Die besten Tools f\u00fcr den Mac<\/a><\/strong><br \/>\nEine kleine Auswahl hilfreicher Software<br \/>\n<\/em><\/p>\n<p>Weitere Beitr\u00e4ge folgen in unregelm\u00e4\u00dfigen Abst\u00e4nden&#8230;.<\/p>\n<p>&nbsp;<\/p>\n<p><a href=\"http:\/\/grocon.de\/?page_id=270\">Datenschutzhinweis<\/a><\/p>\n","protected":false},"excerpt":{"rendered":"<p>Hier finden Sie Beitr\u00e4ge zu technischen Themen: Paperless Office \u2013 Auf dem Weg zum (fast) papierlosen B\u00fcro\u00a0 Ein R\u00fcckblick auf einen langen, steinigen und unvollendeten Weg Sichere Daten\u00a0 Backup und Verschl\u00fcsselung Die besten Tools f\u00fcr den Mac Eine kleine Auswahl &hellip; <a href=\"https:\/\/grocon.de\/\">Weiterlesen <span class=\"meta-nav\">&rarr;<\/span><\/a><\/p>\n","protected":false},"author":1,"featured_media":0,"parent":0,"menu_order":0,"comment_status":"closed","ping_status":"closed","template":"","meta":{"footnotes":""},"_links":{"self":[{"href":"https:\/\/grocon.de\/index.php?rest_route=\/wp\/v2\/pages\/153"}],"collection":[{"href":"https:\/\/grocon.de\/index.php?rest_route=\/wp\/v2\/pages"}],"about":[{"href":"https:\/\/grocon.de\/index.php?rest_route=\/wp\/v2\/types\/page"}],"author":[{"embeddable":true,"href":"https:\/\/grocon.de\/index.php?rest_route=\/wp\/v2\/users\/1"}],"replies":[{"embeddable":true,"href":"https:\/\/grocon.de\/index.php?rest_route=%2Fwp%2Fv2%2Fcomments&post=153"}],"version-history":[{"count":7,"href":"https:\/\/grocon.de\/index.php?rest_route=\/wp\/v2\/pages\/153\/revisions"}],"predecessor-version":[{"id":284,"href":"https:\/\/grocon.de\/index.php?rest_route=\/wp\/v2\/pages\/153\/revisions\/284"}],"wp:attachment":[{"href":"https:\/\/grocon.de\/index.php?rest_route=%2Fwp%2Fv2%2Fmedia&parent=153"}],"curies":[{"name":"wp","href":"https:\/\/api.w.org\/{rel}","templated":true}]}}