{"id":85,"date":"2013-08-25T17:49:35","date_gmt":"2013-08-25T17:49:35","guid":{"rendered":"http:\/\/grocon.de\/?page_id=85"},"modified":"2013-08-25T17:52:51","modified_gmt":"2013-08-25T17:52:51","slug":"calypso-cash-securities","status":"publish","type":"page","link":"https:\/\/grocon.de\/?page_id=85","title":{"rendered":"Calypso Cash Securities"},"content":{"rendered":"<p>T\u00e4tigkeitsort: \u00a0Deutsche Investmentbank<\/p>\n<p>T\u00e4tigkeitsdauer: \u00a0~1,5 Jahre<\/p>\n<p>Position: Senior Business Analyst, Teamlead<\/p>\n<p>T\u00e4tigkeitsfeld:<\/p>\n<ul>\n<li>Einf\u00fchrung des Calypso Systems f\u00fcr Middle- und Backoffice Funktionen f\u00fcr Bond und Equity Handel<\/li>\n<li>Komplette Neuanbindung von B\u00f6rsensystemen<\/li>\n<li>Implementierung einer &#8222;General Ledger&#8220;-L\u00f6sung f\u00fcr die gesamten Wertpapierbest\u00e4nde der Bank auf Calypso<\/li>\n<li>Umbau des Accountings auf valutengerechte Verbuchung<\/li>\n<li>Einf\u00fchrung einer near-time Cash-Settlement L\u00f6sung f\u00fcr alle Calypso Produkte<\/li>\n<li>Unterst\u00fctzung des produktiven Betriebs<\/li>\n<\/ul>\n","protected":false},"excerpt":{"rendered":"<p>T\u00e4tigkeitsort: \u00a0Deutsche Investmentbank T\u00e4tigkeitsdauer: \u00a0~1,5 Jahre Position: Senior Business Analyst, Teamlead T\u00e4tigkeitsfeld: Einf\u00fchrung des Calypso Systems f\u00fcr Middle- und Backoffice Funktionen f\u00fcr Bond und Equity Handel Komplette Neuanbindung von B\u00f6rsensystemen Implementierung einer &#8222;General Ledger&#8220;-L\u00f6sung f\u00fcr die gesamten Wertpapierbest\u00e4nde der Bank &hellip; <a href=\"https:\/\/grocon.de\/?page_id=85\">Weiterlesen <span class=\"meta-nav\">&rarr;<\/span><\/a><\/p>\n","protected":false},"author":1,"featured_media":0,"parent":47,"menu_order":1,"comment_status":"closed","ping_status":"closed","template":"","meta":{"footnotes":""},"_links":{"self":[{"href":"https:\/\/grocon.de\/index.php?rest_route=\/wp\/v2\/pages\/85"}],"collection":[{"href":"https:\/\/grocon.de\/index.php?rest_route=\/wp\/v2\/pages"}],"about":[{"href":"https:\/\/grocon.de\/index.php?rest_route=\/wp\/v2\/types\/page"}],"author":[{"embeddable":true,"href":"https:\/\/grocon.de\/index.php?rest_route=\/wp\/v2\/users\/1"}],"replies":[{"embeddable":true,"href":"https:\/\/grocon.de\/index.php?rest_route=%2Fwp%2Fv2%2Fcomments&post=85"}],"version-history":[{"count":2,"href":"https:\/\/grocon.de\/index.php?rest_route=\/wp\/v2\/pages\/85\/revisions"}],"predecessor-version":[{"id":90,"href":"https:\/\/grocon.de\/index.php?rest_route=\/wp\/v2\/pages\/85\/revisions\/90"}],"up":[{"embeddable":true,"href":"https:\/\/grocon.de\/index.php?rest_route=\/wp\/v2\/pages\/47"}],"wp:attachment":[{"href":"https:\/\/grocon.de\/index.php?rest_route=%2Fwp%2Fv2%2Fmedia&parent=85"}],"curies":[{"name":"wp","href":"https:\/\/api.w.org\/{rel}","templated":true}]}}