{"id":94,"date":"2013-08-25T17:57:48","date_gmt":"2013-08-25T17:57:48","guid":{"rendered":"http:\/\/grocon.de\/?page_id=94"},"modified":"2018-05-24T06:51:27","modified_gmt":"2018-05-24T06:51:27","slug":"calypso-zins-und-kreditderivate","status":"publish","type":"page","link":"https:\/\/grocon.de\/?page_id=94","title":{"rendered":"Calypso Zins- und Kreditderivate"},"content":{"rendered":"<p>T\u00e4tigkeitsort: \u00a0Deutsche Landesbank<\/p>\n<p>T\u00e4tigkeitsdauer: \u00a04 Jahre<\/p>\n<p>Position: Teilprojektleiter &#8222;Solution Design&#8220; Backoffice<\/p>\n<p>T\u00e4tigkeitsfeld:<\/p>\n<ul>\n<li>Projektverantwortung f\u00fcr Teams wechselnder Gr\u00f6\u00dfe (6 &#8211; 15 Personen)<\/li>\n<li>Einf\u00fchrung von Calypso als Handels- und Backoffice System f\u00fcr Zinsprodukte (FRA, swaptions,\u00a0Plain Vanilla und cross currency swaps mit diversen Features wie callable, cap\/floor, in-arrears, quanto, reverse, spread und exotics) sowie Kreditderivaten (hier insb.\u00a0credit default swap, single name, index, index tranche, \u00a0TRS)<\/li>\n<li>Stammdatendefinition<\/li>\n<li>Definition und Implementierung der Abgeltungsteuer f\u00fcr alle Derivate<\/li>\n<li>Implementierung von Best\u00e4tigungen f\u00fcr alle Assetklassen (inkl. diverser Lifecycle events)<\/li>\n<li>Einf\u00fchrung von MarkitWire f\u00fcr alle verf\u00fcgbaren Produkte<\/li>\n<li>Diverse Upgrades von Calypso nach produktiver Einf\u00fchrung<\/li>\n<li>Kompletter Neuaufbau des Accountings f\u00fcr Derivate zur Unterst\u00fctzung von IFRS sowie fast close<\/li>\n<li>Einf\u00fchrung eines Management Reportings<\/li>\n<li>Produktionssupport sowie Kommunikation mit dem Vendor<\/li>\n<\/ul>\n<p><a href=\"http:\/\/grocon.de\/?page_id=270\">Datenschutzhinweis<\/a><\/p>\n","protected":false},"excerpt":{"rendered":"<p>T\u00e4tigkeitsort: \u00a0Deutsche Landesbank T\u00e4tigkeitsdauer: \u00a04 Jahre Position: Teilprojektleiter &#8222;Solution Design&#8220; Backoffice T\u00e4tigkeitsfeld: Projektverantwortung f\u00fcr Teams wechselnder Gr\u00f6\u00dfe (6 &#8211; 15 Personen) Einf\u00fchrung von Calypso als Handels- und Backoffice System f\u00fcr Zinsprodukte (FRA, swaptions,\u00a0Plain Vanilla und cross currency swaps mit diversen &hellip; <a href=\"https:\/\/grocon.de\/?page_id=94\">Weiterlesen <span class=\"meta-nav\">&rarr;<\/span><\/a><\/p>\n","protected":false},"author":1,"featured_media":0,"parent":47,"menu_order":4,"comment_status":"closed","ping_status":"closed","template":"","meta":{"footnotes":""},"_links":{"self":[{"href":"https:\/\/grocon.de\/index.php?rest_route=\/wp\/v2\/pages\/94"}],"collection":[{"href":"https:\/\/grocon.de\/index.php?rest_route=\/wp\/v2\/pages"}],"about":[{"href":"https:\/\/grocon.de\/index.php?rest_route=\/wp\/v2\/types\/page"}],"author":[{"embeddable":true,"href":"https:\/\/grocon.de\/index.php?rest_route=\/wp\/v2\/users\/1"}],"replies":[{"embeddable":true,"href":"https:\/\/grocon.de\/index.php?rest_route=%2Fwp%2Fv2%2Fcomments&post=94"}],"version-history":[{"count":5,"href":"https:\/\/grocon.de\/index.php?rest_route=\/wp\/v2\/pages\/94\/revisions"}],"predecessor-version":[{"id":280,"href":"https:\/\/grocon.de\/index.php?rest_route=\/wp\/v2\/pages\/94\/revisions\/280"}],"up":[{"embeddable":true,"href":"https:\/\/grocon.de\/index.php?rest_route=\/wp\/v2\/pages\/47"}],"wp:attachment":[{"href":"https:\/\/grocon.de\/index.php?rest_route=%2Fwp%2Fv2%2Fmedia&parent=94"}],"curies":[{"name":"wp","href":"https:\/\/api.w.org\/{rel}","templated":true}]}}